{"id":22,"date":"2017-02-01T22:52:52","date_gmt":"2017-02-01T21:52:52","guid":{"rendered":"http:\/\/www.clockwise-twist.de\/?page_id=22"},"modified":"2023-03-29T15:36:29","modified_gmt":"2023-03-29T13:36:29","slug":"clockwise-twist","status":"publish","type":"page","link":"https:\/\/www.clockwise-twist.de\/","title":{"rendered":"Clockwise Twist"},"content":{"rendered":"<p><strong>Clockwise Twist<\/strong> ist eine siebenk\u00f6pfige Coverband aus dem Raum K\u00f6ln\/Bonn. Seit der Gr\u00fcndung im Jahre 1996 interpretiert die Gruppe Hits aus den Bereichen Beat, Rock, Country sowie Pop der 60er und 70er. Eine der St\u00e4rken der Band ist sicherlich die musikalische Vielf\u00e4ltigkeit. Durch eine sorgf\u00e4ltige Auswahl weltbekannter Songs mit hohem &#8222;Mitsingfaktor&#8220;, einer soliden Live-Performance und charaktervollen Vocals, schafft es die Band Musikfans aller Altersgruppen zu begeistern.&nbsp; <strong>Clockwise Twist<\/strong> \u00fcberzeugt vor allem \u00fcberall dort, wo man ein musikgeschmacklich vielseitiges Publikum erwarten muss. Die Band f\u00fchlt sich auf Stadtfesten und Festivals ebenso zuhause, wie auf Firmenfeiern, privaten Events und Clubkonzerten. Die langj\u00e4hrige B\u00fchnenerfahrung der einzelnen Musiker reicht teilweise zur\u00fcck bis in die Beat \u00c4ra der 60er Jahre. Dadurch ist <strong>Clockwise Twist<\/strong> f\u00fcr alle Live-Anl\u00e4sse sehr gut aufgestellt.<\/p>\n<p>Die Band agierte auch als Support Act f\u00fcr namhafte K\u00fcnstler wie <em>The Shamrocks, The Fortunes, The Tremeloes, The Searchers, The Animals<\/em> oder auch f\u00fcr <em>The Marmalade<\/em>.<\/p>\n","protected":false},"excerpt":{"rendered":"<p>Clockwise Twist ist eine siebenk\u00f6pfige Coverband aus dem Raum K\u00f6ln\/Bonn. Seit der Gr\u00fcndung im Jahre 1996 interpretiert die Gruppe Hits aus den Bereichen Beat, Rock, Country sowie Pop der 60er und 70er. Eine der St\u00e4rken der Band ist sicherlich die musikalische Vielf\u00e4ltigkeit. Durch eine sorgf\u00e4ltige Auswahl weltbekannter Songs mit hohem &#8222;Mitsingfaktor&#8220;, einer soliden Live-Performance und &hellip; <\/p>\n<p class=\"link-more\"><a href=\"https:\/\/www.clockwise-twist.de\/\" class=\"more-link\"><span class=\"screen-reader-text\">\u201eClockwise Twist\u201c<\/span> weiterlesen<\/a><\/p>\n","protected":false},"author":1,"featured_media":612,"parent":0,"menu_order":0,"comment_status":"closed","ping_status":"closed","template":"","meta":{"footnotes":""},"_links":{"self":[{"href":"https:\/\/www.clockwise-twist.de\/index.php?rest_route=\/wp\/v2\/pages\/22"}],"collection":[{"href":"https:\/\/www.clockwise-twist.de\/index.php?rest_route=\/wp\/v2\/pages"}],"about":[{"href":"https:\/\/www.clockwise-twist.de\/index.php?rest_route=\/wp\/v2\/types\/page"}],"author":[{"embeddable":true,"href":"https:\/\/www.clockwise-twist.de\/index.php?rest_route=\/wp\/v2\/users\/1"}],"replies":[{"embeddable":true,"href":"https:\/\/www.clockwise-twist.de\/index.php?rest_route=%2Fwp%2Fv2%2Fcomments&post=22"}],"version-history":[{"count":20,"href":"https:\/\/www.clockwise-twist.de\/index.php?rest_route=\/wp\/v2\/pages\/22\/revisions"}],"predecessor-version":[{"id":920,"href":"https:\/\/www.clockwise-twist.de\/index.php?rest_route=\/wp\/v2\/pages\/22\/revisions\/920"}],"wp:featuredmedia":[{"embeddable":true,"href":"https:\/\/www.clockwise-twist.de\/index.php?rest_route=\/wp\/v2\/media\/612"}],"wp:attachment":[{"href":"https:\/\/www.clockwise-twist.de\/index.php?rest_route=%2Fwp%2Fv2%2Fmedia&parent=22"}],"curies":[{"name":"wp","href":"https:\/\/api.w.org\/{rel}","templated":true}]}}